{"id":302,"date":"2023-02-12T18:57:26","date_gmt":"2023-02-12T18:57:26","guid":{"rendered":"http:\/\/wortlabor.es\/?page_id=302"},"modified":"2023-10-18T11:46:27","modified_gmt":"2023-10-18T11:46:27","slug":"sobre-mi","status":"publish","type":"page","link":"https:\/\/wortlabor.es\/de\/sobre-mi\/","title":{"rendered":"Sobre m\u00ed"},"content":{"rendered":"<div id=\"fws_6a06d21049ef9\"  data-column-margin=\"none\" data-midnight=\"dark\" data-top-percent=\"8%\"  class=\"wpb_row vc_row-fluid vc_row full-width-content vc_row-o-equal-height vc_row-flex vc_row-o-content-top parallax_section right_padding_8pct left_padding_8pct top_padding_phone_8pct\"  style=\"padding-top: calc(100vw * 0.08); padding-bottom: 0px; \"><div class=\"row-bg-wrap\" data-bg-animation=\"none\" data-bg-animation-delay=\"\" data-bg-overlay=\"false\"><div class=\"inner-wrap row-bg-layer\" ><div class=\"row-bg viewport-desktop\" data-parallax-speed=\"fast\" style=\"\"><\/div><\/div><div class=\"row-bg-overlay row-bg-layer\" style=\"background:radial-gradient(circle at top right, rgb(248,234,220) 0%, rgb(248,234,220) 41%);\"><\/div><\/div><div class=\"row_col_wrap_12 col span_12 dark left\">\n\t<div  class=\"vc_col-sm-6 wpb_column column_container vc_column_container col centered-text no-extra-padding el_spacing_0px inherit_tablet inherit_phone\"  data-padding-pos=\"all\" data-has-bg-color=\"false\" data-bg-color=\"\" data-bg-opacity=\"1\" data-animation=\"\" data-delay=\"0\" >\n\t\t<div class=\"vc_column-inner\" >\n\t\t\t<div class=\"wpb_wrapper\">\n\t\t\t\t<div id=\"fws_6a06d2104a728\" data-midnight=\"\" data-column-margin=\"none\" class=\"wpb_row vc_row-fluid vc_row inner_row  bottom_padding_tablet_8pct\"  style=\"\"><div class=\"row-bg-wrap\"> <div class=\"row-bg\" ><\/div> <\/div><div class=\"row_col_wrap_12_inner col span_12  left\">\n\t<div style=\"\" class=\"vc_col-sm-12 wpb_column column_container vc_column_container col child_column no-extra-padding inherit_tablet inherit_phone\"  data-using-bg=\"true\" data-bg-cover=\"true\" data-padding-pos=\"all\" data-has-bg-color=\"false\" data-bg-color=\"\" data-bg-opacity=\"1\" data-animation=\"\" data-delay=\"0\" >\n\t\t<div class=\"vc_column-inner\" ><div class=\"column-image-bg-wrap column-bg-layer viewport-desktop\" data-bg-pos=\"center center\" data-bg-animation=\"none\" data-bg-overlay=\"false\"><div class=\"inner-wrap\"><div class=\"column-image-bg\" style=\" background-image: url('https:\/\/wortlabor.es\/wp-content\/uploads\/2023\/02\/8d424e4f-b720-4795-84c9-dd88639bcddc.jpeg'); \"><\/div><\/div><\/div>\n\t\t<div class=\"wpb_wrapper\">\n\t\t\t<div class=\"divider-wrap height_tablet_450px\" data-alignment=\"default\"><div style=\"height: 90vh;\" class=\"divider\"><\/div><\/div>\n\t\t<\/div> \n\t<\/div>\n\t<\/div> \n<\/div><\/div>\n\t\t\t<\/div> \n\t\t<\/div>\n\t<\/div> \n\n\t<div  class=\"vc_col-sm-6 wpb_column column_container vc_column_container col padding-5-percent no-extra-padding_tablet no-extra-padding_phone\"  data-padding-pos=\"left\" data-has-bg-color=\"false\" data-bg-color=\"\" data-bg-opacity=\"1\" data-animation=\"\" data-delay=\"0\" data-scroll-animation=\"true\" data-scroll-animation-movement=\"default\" data-scroll-animation-mobile=\"\" data-scroll-animation-intensity=\"1.75\" >\n\t\t<div class=\"vc_column-inner\" >\n\t\t\t<div class=\"wpb_wrapper\">\n\t\t\t\t<div id=\"fws_6a06d2104b493\" data-midnight=\"\" data-column-margin=\"default\" class=\"wpb_row vc_row-fluid vc_row inner_row\"  style=\"\"><div class=\"row-bg-wrap\"> <div class=\"row-bg\" ><\/div> <\/div><div class=\"row_col_wrap_12_inner col span_12  left\">\n\t<div  class=\"vc_col-sm-12 wpb_column column_container vc_column_container col child_column no-extra-padding el_spacing_0px inherit_tablet inherit_phone\"   data-padding-pos=\"all\" data-has-bg-color=\"false\" data-bg-color=\"\" data-bg-opacity=\"1\" data-animation=\"\" data-delay=\"0\" >\n\t\t<div class=\"vc_column-inner\" >\n\t\t<div class=\"wpb_wrapper\">\n\t\t\t<div class=\"nectar-split-heading  font_line_height_0-9\" data-align=\"default\" data-m-align=\"inherit\" data-text-effect=\"default\" data-animation-type=\"line-reveal-by-space\" data-animation-delay=\"0\" data-animation-offset=\"\" data-m-rm-animation=\"\" data-stagger=\"true\" data-custom-font-size=\"true\" style=\"font-size: 4vw; line-height: 4.4vw;\"><h2 style=\"max-width: 85%;\">\u00dcber mich<\/h2><\/div>\n\t\t<\/div> \n\t<\/div>\n\t<\/div> \n<\/div><\/div><div id=\"fws_6a06d2104bb58\" data-midnight=\"\" data-column-margin=\"default\" class=\"wpb_row vc_row-fluid vc_row inner_row\"  style=\"padding-top: 4%;  z-index: 100;\"><div class=\"row-bg-wrap\"> <div class=\"row-bg\" ><\/div> <\/div><div class=\"row_col_wrap_12_inner col span_12  left\">\n\t<div  class=\"vc_col-sm-12 wpb_column column_container vc_column_container col child_column has-animation no-extra-padding inherit_tablet inherit_phone\"   data-padding-pos=\"all\" data-has-bg-color=\"false\" data-bg-color=\"\" data-bg-opacity=\"1\" data-animation=\"fade-in-from-bottom\" data-delay=\"0\" >\n\t\t<div class=\"vc_column-inner\" >\n\t\t<div class=\"wpb_wrapper\">\n\t\t\t\n<div class=\"wpb_text_column wpb_content_element\" >\n\t<div class=\"wpb_wrapper\">\n\t\t<p>Mein Name ist Cathrin Becker und ich bin das Gesicht hinter Wortlabor, obwohl ich mit verschiedenen \u00dcbersetzer-, Dolmetscher- und Texterkollegen zusammenarbeite, um noch spezialisiertere Dienstleistungen in mehr Sprachen anzubieten.<\/p>\n<p>Ich wurde in Deutschland geboren und habe dort die ersten 20 Jahre meines Lebens verbracht, wobei ich eine Zeit lang in den USA gelebt und studiert habe, ehe ich meinen Bachelor in Modernen Fremdsprachen, Kulturen und Wirtschaft an der Universit\u00e4t Gie\u00dfen absolviert habe. 2012 bin ich nach Spanien gezogen und bin seitdem hier im Bereich der Fremdsprachen und Kommunikation t\u00e4tig. 2015 habe ich zudem einen Master in \u00dcbersetzung und Interkulturalit\u00e4t an der Universit\u00e4t Sevilla erworben.<\/p>\n<p>Obwohl meine Laufbahn nicht ganz geradlinig verlaufen ist, hat jeder einzelne der Schritte, die mich dahin gef\u00fchrt haben, wo ich heute bin, seinen Sinn und Zweck gehabt. So hat mein Studium der darstellenden K\u00fcnste in den USA mich mit Kreativit\u00e4t und B\u00fchnenpr\u00e4senz ausgestattet und mir die Angst vor dem \u00f6ffentlichen Sprechen genommen. Dank der Erfahrung, in drei L\u00e4ndern gelebt, studiert und gearbeitet zu haben, konnte ich nicht nur meine Kenntnisse in meinen drei Arbeitssprachen Deutsch, Englisch und Spanisch verbessern, sondern auch eine hohe interkulturelle Kompetenz und Vermittlungsf\u00e4higkeit bei Kulturschocks entwickeln. So bin ich perfekt aufgestellt, um die Kommunikation zwischen verschiedenen Sprachen und Kulturen zu erleichtern.<\/p>\n<p>Mir wurde gesagt, dass ich die ber\u00fchmten deutschen Eigenschaften wie P\u00fcnktlichkeit und Gewissenhaftigkeit mit dem herzlichen Umgang und der L\u00f6sungsorientierung kombiniere, die in meiner Wahlheimat Spanien gesch\u00e4tzt werden. Ich k\u00fcmmere mich pers\u00f6nlich um jedes meiner Projekte und gebe mich nicht zufrieden, bis ich nicht das Gef\u00fchl habe, eine \u201ewirklich gute Arbeit\u201c geleistet zu haben.<\/p>\n\t<\/div>\n<\/div>\n\n\n\n\n\t\t<\/div> \n\t<\/div>\n\t<\/div> \n<\/div><\/div>\n\t\t\t<\/div> \n\t\t<\/div>\n\t<\/div> \n<\/div><\/div>\n\t\t<div id=\"fws_6a06d2104c4ad\"  data-column-margin=\"default\" data-midnight=\"dark\" data-top-percent=\"2%\" data-bottom-percent=\"5%\"  class=\"wpb_row vc_row-fluid vc_row full-width-section\"  style=\"padding-top: calc(100vw * 0.02); padding-bottom: calc(100vw * 0.05); \"><div class=\"row-bg-wrap\" data-bg-animation=\"none\" data-bg-animation-delay=\"\" data-bg-overlay=\"false\"><div class=\"inner-wrap row-bg-layer\" ><div class=\"row-bg viewport-desktop using-bg-color\"  style=\"background-color: #f8eadc; \"><\/div><\/div><\/div><div class=\"row_col_wrap_12 col span_12 dark left\">\n\t<div  class=\"vc_col-sm-12 wpb_column column_container vc_column_container col no-extra-padding inherit_tablet inherit_phone\"  data-padding-pos=\"all\" data-has-bg-color=\"false\" data-bg-color=\"\" data-bg-opacity=\"1\" data-animation=\"\" data-delay=\"0\" >\n\t\t<div class=\"vc_column-inner\" >\n\t\t\t<div class=\"wpb_wrapper\">\n\t\t\t\t<div id=\"fws_6a06d2104ca61\" data-midnight=\"\" data-column-margin=\"none\" class=\"wpb_row vc_row-fluid vc_row inner_row\"  style=\"padding-top: 12%; padding-bottom: 3%; \"><div class=\"row-bg-wrap\"> <div class=\"row-bg\" ><\/div> <\/div><div class=\"row_col_wrap_12_inner col span_12  left\">\n\t<div  class=\"vc_col-sm-3 wpb_column column_container vc_column_container col child_column no-extra-padding inherit_tablet inherit_phone\"   data-padding-pos=\"all\" data-has-bg-color=\"false\" data-bg-color=\"\" data-bg-opacity=\"1\" data-animation=\"\" data-delay=\"0\" >\n\t\t<div class=\"vc_column-inner\" >\n\t\t<div class=\"wpb_wrapper\">\n\t\t\t\n\t\t<\/div> \n\t<\/div>\n\t<\/div> \n\n\t<div  class=\"vc_col-sm-6 wpb_column column_container vc_column_container col child_column centered-text no-extra-padding inherit_tablet inherit_phone\"   data-padding-pos=\"all\" data-has-bg-color=\"false\" data-bg-color=\"\" data-bg-opacity=\"1\" data-animation=\"\" data-delay=\"0\" >\n\t\t<div class=\"vc_column-inner\" >\n\t\t<div class=\"wpb_wrapper\">\n\t\t\t<div class=\"nectar-highlighted-text font_size_8vh\" data-style=\"half_text\" data-exp=\"default\" data-using-custom-color=\"true\" data-animation-delay=\"100\" data-color=\"#ff6b30\" data-color-gradient=\"rgba(255,255,255,0.01)\" style=\"\">\n<h2>Kontakt<\/h2>\n<\/div>\n\t\t<\/div> \n\t<\/div>\n\t<\/div> \n\n\t<div  class=\"vc_col-sm-3 wpb_column column_container vc_column_container col child_column no-extra-padding inherit_tablet inherit_phone\"   data-padding-pos=\"all\" data-has-bg-color=\"false\" data-bg-color=\"\" data-bg-opacity=\"1\" data-animation=\"\" data-delay=\"0\" >\n\t\t<div class=\"vc_column-inner\" >\n\t\t<div class=\"wpb_wrapper\">\n\t\t\t\n\t\t<\/div> \n\t<\/div>\n\t<\/div> \n<\/div><\/div><div id=\"fws_6a06d2104d795\" data-midnight=\"\" data-column-margin=\"default\" class=\"wpb_row vc_row-fluid vc_row inner_row\"  style=\"\"><div class=\"row-bg-wrap\"> <div class=\"row-bg\" ><\/div> <\/div><div class=\"row_col_wrap_12_inner col span_12  left\">\n\t<div  class=\"vc_col-sm-3 wpb_column column_container vc_column_container col child_column no-extra-padding inherit_tablet inherit_phone\"   data-padding-pos=\"all\" data-has-bg-color=\"false\" data-bg-color=\"\" data-bg-opacity=\"1\" data-animation=\"\" data-delay=\"0\" >\n\t\t<div class=\"vc_column-inner\" >\n\t\t<div class=\"wpb_wrapper\">\n\t\t\t\n\t\t<\/div> \n\t<\/div>\n\t<\/div> \n\n\t<div  class=\"vc_col-sm-6 wpb_column column_container vc_column_container col child_column centered-text no-extra-padding inherit_tablet inherit_phone\"   data-padding-pos=\"all\" data-has-bg-color=\"false\" data-bg-color=\"\" data-bg-opacity=\"1\" data-animation=\"\" data-delay=\"0\" >\n\t\t<div class=\"vc_column-inner\" >\n\t\t<div class=\"wpb_wrapper\">\n\t\t\t\n\t<div class=\"wpb_raw_code wpb_content_element wpb_raw_html\" >\n\t\t<div class=\"wpb_wrapper\">\n\t\t\t\n<div class=\"wpcf7 no-js\" id=\"wpcf7-f295-o1\" lang=\"es-ES\" dir=\"ltr\" data-wpcf7-id=\"295\">\n<div class=\"screen-reader-response\"><p role=\"status\" aria-live=\"polite\" aria-atomic=\"true\"><\/p> <ul><\/ul><\/div>\n<form action=\"\/de\/wp-json\/wp\/v2\/pages\/302#wpcf7-f295-o1\" method=\"post\" class=\"wpcf7-form init\" aria-label=\"Formulario de contacto\" novalidate=\"novalidate\" data-status=\"init\" data-trp-original-action=\"\/de\/wp-json\/wp\/v2\/pages\/302#wpcf7-f295-o1\">\n<fieldset class=\"hidden-fields-container\"><input type=\"hidden\" name=\"_wpcf7\" value=\"295\" \/><input type=\"hidden\" name=\"_wpcf7_version\" value=\"6.1.5\" \/><input type=\"hidden\" name=\"_wpcf7_locale\" value=\"es_ES\" \/><input type=\"hidden\" name=\"_wpcf7_unit_tag\" value=\"wpcf7-f295-o1\" \/><input type=\"hidden\" name=\"_wpcf7_container_post\" value=\"0\" \/><input type=\"hidden\" name=\"_wpcf7_posted_data_hash\" value=\"\" \/>\n<\/fieldset>\n<p><label> Ihr Name<br \/>\n<span class=\"wpcf7-form-control-wrap\" data-name=\"your-name\"><input size=\"40\" maxlength=\"400\" class=\"wpcf7-form-control wpcf7-text wpcf7-validates-as-required\" autocomplete=\"nombre\" aria-required=\"true\" aria-invalid=\"false\" value=\"\" type=\"text\" name=\"your-name\" \/><\/span> <\/label>\n<\/p>\n<p><label> Ihre E-Mail<br \/>\n<span class=\"wpcf7-form-control-wrap\" data-name=\"your-email\"><input size=\"40\" maxlength=\"400\" class=\"wpcf7-form-control wpcf7-email wpcf7-validates-as-required wpcf7-text wpcf7-validates-as-email\" autocomplete=\"email\" aria-required=\"true\" aria-invalid=\"false\" value=\"\" type=\"email\" name=\"your-email\" \/><\/span> <\/label>\n<\/p>\n<p><label> Telefonnummer<br \/>\n<span class=\"wpcf7-form-control-wrap\" data-name=\"your-phone\"><input size=\"40\" maxlength=\"400\" class=\"wpcf7-form-control wpcf7-text wpcf7-validates-as-required\" autocomplete=\"telefono\" aria-required=\"true\" aria-invalid=\"false\" value=\"\" type=\"text\" name=\"your-phone\" \/><\/span> <\/label>\n<\/p>\n<p><label> Ihre Nachricht (optional)<br \/>\n<span class=\"wpcf7-form-control-wrap\" data-name=\"your-message\"><textarea cols=\"40\" rows=\"10\" maxlength=\"2000\" class=\"wpcf7-form-control wpcf7-textarea\" aria-invalid=\"false\" name=\"your-message\"><\/textarea><\/span> <\/label>\n<\/p>\n<p><span class=\"wpcf7-form-control-wrap\" data-name=\"acceptance-418\"><span class=\"wpcf7-form-control wpcf7-acceptance\"><span class=\"wpcf7-list-item\"><label><input type=\"checkbox\" name=\"acceptance-418\" value=\"1\" aria-invalid=\"false\" \/><span class=\"wpcf7-list-item-label\">Ich akzeptiere <a href=\"https:\/\/wortlabor.es\/de\/politica-de-privacidad\/\">die Datenschutzerkl\u00e4rung<\/a> dieser Webseite.<\/span><\/label><\/span><\/span><\/span>\n<\/p>\n<p><input class=\"wpcf7-form-control wpcf7-submit has-spinner\" type=\"submit\" value=\"Senden\" \/>\n<\/p><div class=\"wpcf7-response-output\" aria-hidden=\"true\"><\/div>\n<input type=\"hidden\" name=\"trp-form-language\" value=\"de\"\/><\/form>\n<\/div>\n\n\t\t<\/div>\n\t<\/div>\n\n\t\t<\/div> \n\t<\/div>\n\t<\/div> \n\n\t<div  class=\"vc_col-sm-3 wpb_column column_container vc_column_container col child_column no-extra-padding inherit_tablet inherit_phone\"   data-padding-pos=\"all\" data-has-bg-color=\"false\" data-bg-color=\"\" data-bg-opacity=\"1\" data-animation=\"\" data-delay=\"0\" >\n\t\t<div class=\"vc_column-inner\" >\n\t\t<div class=\"wpb_wrapper\">\n\t\t\t\n\t\t<\/div> \n\t<\/div>\n\t<\/div> \n<\/div><\/div>\n\t\t\t<\/div> \n\t\t<\/div>\n\t<\/div> \n<\/div><\/div>","protected":false},"excerpt":{"rendered":"Sobre mi Soy Cathrin y soy la cara detr\u00e1s de Wortlabor, aunque colaboro con diferentes compa\u00f1eros traductores, int\u00e9rpretes y redactores para ofrecer servicios a\u00fan m\u00e1s especializados y en todos los...","protected":false},"author":2,"featured_media":0,"parent":0,"menu_order":0,"comment_status":"closed","ping_status":"closed","template":"","meta":{"footnotes":""},"class_list":["post-302","page","type-page","status-publish"],"yoast_head":"<!-- This site is optimized with the Yoast SEO plugin v27.6 - https:\/\/yoast.com\/product\/yoast-seo-wordpress\/ -->\n<title>Sobre m\u00ed - Traductor de idiomas Alem\u00e1n e ingl\u00e9s - Wortlabor<\/title>\n<meta name=\"robots\" content=\"index, follow, max-snippet:-1, max-image-preview:large, max-video-preview:-1\" \/>\n<link rel=\"canonical\" href=\"https:\/\/wortlabor.es\/de\/sobre-mi\/\" \/>\n<meta property=\"og:locale\" content=\"de_DE\" \/>\n<meta property=\"og:type\" content=\"article\" \/>\n<meta property=\"og:title\" content=\"Sobre m\u00ed - Traductor de idiomas Alem\u00e1n e ingl\u00e9s - Wortlabor\" \/>\n<meta property=\"og:url\" content=\"https:\/\/wortlabor.es\/de\/sobre-mi\/\" \/>\n<meta property=\"og:site_name\" content=\"Traductor de idiomas Alem\u00e1n e ingl\u00e9s - Wortlabor\" \/>\n<meta property=\"article:publisher\" content=\"https:\/\/www.facebook.com\/Cathrin.traductora\/\" \/>\n<meta property=\"article:modified_time\" content=\"2023-10-18T11:46:27+00:00\" \/>\n<meta name=\"twitter:card\" content=\"summary_large_image\" \/>\n<meta name=\"twitter:label1\" content=\"Gesch\u00e4tzte Lesezeit\" \/>\n\t<meta name=\"twitter:data1\" content=\"10\u00a0Minuten\" \/>\n<script type=\"application\/ld+json\" class=\"yoast-schema-graph\">{\"@context\":\"https:\\\/\\\/schema.org\",\"@graph\":[{\"@type\":\"WebPage\",\"@id\":\"https:\\\/\\\/wortlabor.es\\\/sobre-mi\\\/\",\"url\":\"https:\\\/\\\/wortlabor.es\\\/sobre-mi\\\/\",\"name\":\"Sobre m\u00ed - Traductor de idiomas Alem\u00e1n e ingl\u00e9s - Wortlabor\",\"isPartOf\":{\"@id\":\"https:\\\/\\\/wortlabor.es\\\/#website\"},\"datePublished\":\"2023-02-12T18:57:26+00:00\",\"dateModified\":\"2023-10-18T11:46:27+00:00\",\"breadcrumb\":{\"@id\":\"https:\\\/\\\/wortlabor.es\\\/sobre-mi\\\/#breadcrumb\"},\"inLanguage\":\"de\",\"potentialAction\":[{\"@type\":\"ReadAction\",\"target\":[\"https:\\\/\\\/wortlabor.es\\\/sobre-mi\\\/\"]}]},{\"@type\":\"BreadcrumbList\",\"@id\":\"https:\\\/\\\/wortlabor.es\\\/sobre-mi\\\/#breadcrumb\",\"itemListElement\":[{\"@type\":\"ListItem\",\"position\":1,\"name\":\"Portada\",\"item\":\"https:\\\/\\\/wortlabor.es\\\/\"},{\"@type\":\"ListItem\",\"position\":2,\"name\":\"Sobre m\u00ed\"}]},{\"@type\":\"WebSite\",\"@id\":\"https:\\\/\\\/wortlabor.es\\\/#website\",\"url\":\"https:\\\/\\\/wortlabor.es\\\/\",\"name\":\"Traductor de idiomas Alem\u00e1n e ingl\u00e9s - Wortlabor\",\"description\":\"Somos proveedores de servicios ling\u00fc\u00edsticos y traducciones profesionales en alem\u00e1n en Sevilla y toda Espa\u00f1a.\",\"publisher\":{\"@id\":\"https:\\\/\\\/wortlabor.es\\\/#\\\/schema\\\/person\\\/1a337f4587fc2f26e72f159c98dec5ae\"},\"potentialAction\":[{\"@type\":\"SearchAction\",\"target\":{\"@type\":\"EntryPoint\",\"urlTemplate\":\"https:\\\/\\\/wortlabor.es\\\/?s={search_term_string}\"},\"query-input\":{\"@type\":\"PropertyValueSpecification\",\"valueRequired\":true,\"valueName\":\"search_term_string\"}}],\"inLanguage\":\"de\"},{\"@type\":[\"Person\",\"Organization\"],\"@id\":\"https:\\\/\\\/wortlabor.es\\\/#\\\/schema\\\/person\\\/1a337f4587fc2f26e72f159c98dec5ae\",\"name\":\"cathrin\",\"image\":{\"@type\":\"ImageObject\",\"inLanguage\":\"de\",\"@id\":\"https:\\\/\\\/wortlabor.es\\\/wp-content\\\/uploads\\\/2023\\\/02\\\/Wortlabor_Logo_solo.png\",\"url\":\"https:\\\/\\\/wortlabor.es\\\/wp-content\\\/uploads\\\/2023\\\/02\\\/Wortlabor_Logo_solo.png\",\"contentUrl\":\"https:\\\/\\\/wortlabor.es\\\/wp-content\\\/uploads\\\/2023\\\/02\\\/Wortlabor_Logo_solo.png\",\"width\":330,\"height\":352,\"caption\":\"cathrin\"},\"logo\":{\"@id\":\"https:\\\/\\\/wortlabor.es\\\/wp-content\\\/uploads\\\/2023\\\/02\\\/Wortlabor_Logo_solo.png\"},\"sameAs\":[\"https:\\\/\\\/www.facebook.com\\\/Cathrin.traductora\\\/\",\"https:\\\/\\\/www.instagram.com\\\/ceremoniabilingue\\\/\",\"https:\\\/\\\/www.linkedin.com\\\/in\\\/cathrin-becker-10902969\\\/\"]}]}<\/script>\n<!-- \/ Yoast SEO plugin. -->","yoast_head_json":{"title":"Sobre m\u00ed - Traductor de idiomas Alem\u00e1n e ingl\u00e9s - Wortlabor","robots":{"index":"index","follow":"follow","max-snippet":"max-snippet:-1","max-image-preview":"max-image-preview:large","max-video-preview":"max-video-preview:-1"},"canonical":"https:\/\/wortlabor.es\/de\/sobre-mi\/","og_locale":"de_DE","og_type":"article","og_title":"Sobre m\u00ed - Traductor de idiomas Alem\u00e1n e ingl\u00e9s - Wortlabor","og_url":"https:\/\/wortlabor.es\/de\/sobre-mi\/","og_site_name":"Traductor de idiomas Alem\u00e1n e ingl\u00e9s - Wortlabor","article_publisher":"https:\/\/www.facebook.com\/Cathrin.traductora\/","article_modified_time":"2023-10-18T11:46:27+00:00","twitter_card":"summary_large_image","twitter_misc":{"Gesch\u00e4tzte Lesezeit":"10\u00a0Minuten"},"schema":{"@context":"https:\/\/schema.org","@graph":[{"@type":"WebPage","@id":"https:\/\/wortlabor.es\/sobre-mi\/","url":"https:\/\/wortlabor.es\/sobre-mi\/","name":"Sobre m\u00ed - Traductor de idiomas Alem\u00e1n e ingl\u00e9s - Wortlabor","isPartOf":{"@id":"https:\/\/wortlabor.es\/#website"},"datePublished":"2023-02-12T18:57:26+00:00","dateModified":"2023-10-18T11:46:27+00:00","breadcrumb":{"@id":"https:\/\/wortlabor.es\/sobre-mi\/#breadcrumb"},"inLanguage":"de","potentialAction":[{"@type":"ReadAction","target":["https:\/\/wortlabor.es\/sobre-mi\/"]}]},{"@type":"BreadcrumbList","@id":"https:\/\/wortlabor.es\/sobre-mi\/#breadcrumb","itemListElement":[{"@type":"ListItem","position":1,"name":"Portada","item":"https:\/\/wortlabor.es\/"},{"@type":"ListItem","position":2,"name":"Sobre m\u00ed"}]},{"@type":"WebSite","@id":"https:\/\/wortlabor.es\/#website","url":"https:\/\/wortlabor.es\/","name":"Traductor de idiomas Alem\u00e1n e ingl\u00e9s - Wortlabor","description":"Somos proveedores de servicios ling\u00fc\u00edsticos y traducciones profesionales en alem\u00e1n en Sevilla y toda Espa\u00f1a.","publisher":{"@id":"https:\/\/wortlabor.es\/#\/schema\/person\/1a337f4587fc2f26e72f159c98dec5ae"},"potentialAction":[{"@type":"SearchAction","target":{"@type":"EntryPoint","urlTemplate":"https:\/\/wortlabor.es\/?s={search_term_string}"},"query-input":{"@type":"PropertyValueSpecification","valueRequired":true,"valueName":"search_term_string"}}],"inLanguage":"de"},{"@type":["Person","Organization"],"@id":"https:\/\/wortlabor.es\/#\/schema\/person\/1a337f4587fc2f26e72f159c98dec5ae","name":"cathrin","image":{"@type":"ImageObject","inLanguage":"de","@id":"https:\/\/wortlabor.es\/wp-content\/uploads\/2023\/02\/Wortlabor_Logo_solo.png","url":"https:\/\/wortlabor.es\/wp-content\/uploads\/2023\/02\/Wortlabor_Logo_solo.png","contentUrl":"https:\/\/wortlabor.es\/wp-content\/uploads\/2023\/02\/Wortlabor_Logo_solo.png","width":330,"height":352,"caption":"cathrin"},"logo":{"@id":"https:\/\/wortlabor.es\/wp-content\/uploads\/2023\/02\/Wortlabor_Logo_solo.png"},"sameAs":["https:\/\/www.facebook.com\/Cathrin.traductora\/","https:\/\/www.instagram.com\/ceremoniabilingue\/","https:\/\/www.linkedin.com\/in\/cathrin-becker-10902969\/"]}]}},"_links":{"self":[{"href":"https:\/\/wortlabor.es\/de\/wp-json\/wp\/v2\/pages\/302","targetHints":{"allow":["GET"]}}],"collection":[{"href":"https:\/\/wortlabor.es\/de\/wp-json\/wp\/v2\/pages"}],"about":[{"href":"https:\/\/wortlabor.es\/de\/wp-json\/wp\/v2\/types\/page"}],"author":[{"embeddable":true,"href":"https:\/\/wortlabor.es\/de\/wp-json\/wp\/v2\/users\/2"}],"replies":[{"embeddable":true,"href":"https:\/\/wortlabor.es\/de\/wp-json\/wp\/v2\/comments?post=302"}],"version-history":[{"count":16,"href":"https:\/\/wortlabor.es\/de\/wp-json\/wp\/v2\/pages\/302\/revisions"}],"predecessor-version":[{"id":433,"href":"https:\/\/wortlabor.es\/de\/wp-json\/wp\/v2\/pages\/302\/revisions\/433"}],"wp:attachment":[{"href":"https:\/\/wortlabor.es\/de\/wp-json\/wp\/v2\/media?parent=302"}],"curies":[{"name":"wp","href":"https:\/\/api.w.org\/{rel}","templated":true}]}}