{"id":360,"date":"2023-02-13T08:25:59","date_gmt":"2023-02-13T08:25:59","guid":{"rendered":"http:\/\/wortlabor.es\/?page_id=360"},"modified":"2023-02-13T08:27:12","modified_gmt":"2023-02-13T08:27:12","slug":"politica-de-cookies","status":"publish","type":"page","link":"https:\/\/wortlabor.es\/de\/politica-de-cookies\/","title":{"rendered":"Cookie-Richtlinie"},"content":{"rendered":"<div id=\"fws_6a076375dd671\"  data-column-margin=\"none\" data-midnight=\"dark\" data-top-percent=\"8%\"  class=\"wpb_row vc_row-fluid vc_row full-width-content vc_row-o-equal-height vc_row-flex vc_row-o-content-top parallax_section right_padding_8pct left_padding_8pct top_padding_phone_8pct\"  style=\"padding-top: calc(100vw * 0.08); padding-bottom: 0px; \"><div class=\"row-bg-wrap\" data-bg-animation=\"none\" data-bg-animation-delay=\"\" data-bg-overlay=\"false\"><div class=\"inner-wrap row-bg-layer\" ><div class=\"row-bg viewport-desktop\" data-parallax-speed=\"fast\" style=\"\"><\/div><\/div><div class=\"row-bg-overlay row-bg-layer\" style=\"background:radial-gradient(circle at top right, rgb(248,234,220) 0%, rgb(248,234,220) 41%);\"><\/div><\/div><div class=\"row_col_wrap_12 col span_12 dark left\">\n\t<div  class=\"vc_col-sm-12 wpb_column column_container vc_column_container col padding-5-percent no-extra-padding_tablet no-extra-padding_phone\"  data-padding-pos=\"left\" data-has-bg-color=\"false\" data-bg-color=\"\" data-bg-opacity=\"1\" data-animation=\"\" data-delay=\"0\" data-scroll-animation=\"true\" data-scroll-animation-movement=\"default\" data-scroll-animation-mobile=\"\" data-scroll-animation-intensity=\"1.75\" >\n\t\t<div class=\"vc_column-inner\" >\n\t\t\t<div class=\"wpb_wrapper\">\n\t\t\t\t<div id=\"fws_6a076375ddfb3\" data-midnight=\"\" data-column-margin=\"default\" class=\"wpb_row vc_row-fluid vc_row inner_row\"  style=\"\"><div class=\"row-bg-wrap\"> <div class=\"row-bg\" ><\/div> <\/div><div class=\"row_col_wrap_12_inner col span_12  left\">\n\t<div  class=\"vc_col-sm-12 wpb_column column_container vc_column_container col child_column no-extra-padding el_spacing_0px inherit_tablet inherit_phone\"   data-padding-pos=\"all\" data-has-bg-color=\"false\" data-bg-color=\"\" data-bg-opacity=\"1\" data-animation=\"\" data-delay=\"0\" >\n\t\t<div class=\"vc_column-inner\" >\n\t\t<div class=\"wpb_wrapper\">\n\t\t\t<div class=\"nectar-split-heading  font_line_height_0-9\" data-align=\"default\" data-m-align=\"inherit\" data-text-effect=\"default\" data-animation-type=\"line-reveal-by-space\" data-animation-delay=\"0\" data-animation-offset=\"\" data-m-rm-animation=\"\" data-stagger=\"true\" data-custom-font-size=\"true\" style=\"font-size: 4vw; line-height: 4.4vw;\"><h2 style=\"max-width: 85%;\">Cookie-Richtlinie<\/h2><\/div>\n\t\t<\/div> \n\t<\/div>\n\t<\/div> \n<\/div><\/div><div id=\"fws_6a076375de731\" data-midnight=\"\" data-column-margin=\"default\" class=\"wpb_row vc_row-fluid vc_row inner_row\"  style=\"padding-top: 4%;  z-index: 100;\"><div class=\"row-bg-wrap\"> <div class=\"row-bg\" ><\/div> <\/div><div class=\"row_col_wrap_12_inner col span_12  left\">\n\t<div  class=\"vc_col-sm-12 wpb_column column_container vc_column_container col child_column has-animation no-extra-padding inherit_tablet inherit_phone\"   data-padding-pos=\"all\" data-has-bg-color=\"false\" data-bg-color=\"\" data-bg-opacity=\"1\" data-animation=\"fade-in-from-bottom\" data-delay=\"0\" >\n\t\t<div class=\"vc_column-inner\" >\n\t\t<div class=\"wpb_wrapper\">\n\t\t\t\n<div class=\"wpb_text_column wpb_content_element\" >\n\t<div class=\"wpb_wrapper\">\n\t\t<p class=\"translation-block\">Domain-Name: www.wortlabor.es<br>\nName des Unternehmens: Cathrin Hein-Becker<br>\nHandelsname: Cathrin Hein-Becker<br>\nRegistrierte Adresse: Callej\u00f3n Cedaceros, 1, 2\u00b0 izquierda \u2013 41004\nSevilla<br>\nNIF: Y3101800B<br>\nTelefon: 687 284 211<br>\nE-Mail: info@wortlabor.es<br><\/p>\n<p><strong>1. WAS SIND COOKIES?<\/strong><\/p>\n<p>Ein Cookie ist eine Datei, die auf Ihren Computer heruntergeladen\nwird, wenn Sie auf bestimmte Webseiten zugreifen. Cookies\nerm\u00f6glichen es einer Webseite unter anderem, Informationen \u00fcber die\nSurfgewohnheiten eines Benutzers oder seines Computers zu\nspeichern und abzurufen, und je nach den enthaltenen Informationen\nund der Art und Weise, wie Sie Ihren Computer benutzen, k\u00f6nnen sie\nzur Wiedererkennung des Benutzers verwendet werden.<\/p>\n<p><strong>2. ARTEN VON COOKIES<\/strong><\/p>\n<p>Je nach der Einrichtung, die das Ger\u00e4t oder die Dom\u00e4ne\nverwaltet, von der aus die Cookies gesendet werden, und die die\nerhaltenen Daten verarbeitet, unterscheidet man zwischen:<\/p>\n<p>* Eigene Cookies: Es handelt sich um Cookies, die von einem\nComputer oder einer Dom\u00e4ne, die vom Herausgeber selbst\nverwaltet wird und von der aus die vom Benutzer angeforderte\nDienstleistung erbracht wird, an das Endger\u00e4t des Benutzers\ngesendet werden. Sie werden auch als Erstanbieter-Cookies\nbezeichnet.<\/p>\n<p class=\"translation-block\">* Cookies von Drittanbietern: Hierbei handelt es sich um Cookies,\ndie von einem Computer oder einer Dom\u00e4ne an das Endger\u00e4t des\nBenutzers gesendet werden, die nicht vom Editor verwaltet wird,\nsondern von einer anderen Einheit, die die durch die Cookies\nerhaltenen Daten verarbeitet. Sie werden auch als Drittanbieter-\nCookies bezeichnet.\nF\u00fcr den Fall, dass die Cookies von einem Computer oder einer\nDom\u00e4ne installiert werden, die vom Editor selbst verwaltet\nwerden, aber die durch sie gesammelten Informationen von\neinem Dritten verwaltet werden, werden sie als Drittanbieter-\nCookies bezeichnet.\nJe nach dem Zeitraum, in dem sie auf dem Endger\u00e4t aktiviert\nbleiben, unterscheidet man zwischen:<\/p>\n<p>* Sitzungscookies: Diese Art von Cookies dient dazu, Daten zu\nsammeln und zu speichern, w\u00e4hrend der Nutzer auf eine\nWebseite zugreift. Sie werden in der Regel verwendet, um\nInformationen zu speichern, die nur f\u00fcr die Erbringung des vom\nNutzer angeforderten Dienstes bei einer einzigen Gelegenheit\naufbewahrt werden m\u00fcssen (z. B. eine Liste der gekauften\nProdukte). Diese Cookies werden automatisch gel\u00f6scht, wenn der\nNutzer seinen Browser schlie\u00dft.<\/p>\n<p class=\"translation-block\">* Dauerhafte Cookies: Hierbei handelt es sich um einen Cookie-\nTyp, bei dem die Daten auf dem Endger\u00e4t gespeichert bleiben\nund f\u00fcr einen von der f\u00fcr den Cookie verantwortlichen Partei\nfestgelegten Zeitraum, der von einigen Minuten bis zu mehreren\nJahren reichen kann, abgerufen und verarbeitet werden k\u00f6nnen.\nJe nach dem Zweck, zu dem die durch Cookies erhaltenen Daten\nverarbeitet werden, unterscheidet man zwischen:<\/p>\n<p>* Technische Cookies: Diese Cookies erm\u00f6glichen es dem Nutzer,\nauf einer Webseite, einer Plattform oder einer Anwendung zu\nsurfen und die verschiedenen Optionen oder Dienste zu nutzen,\n\ndie dort vorhanden sind, wie z. B. die Steuerung des\nDatenverkehrs und der Datenkommunikation, die Identifizierung\nder Sitzung, den Zugang zu Bereichen mit eingeschr\u00e4nktem\nZugang, die Erinnerung an die Elemente einer Bestellung, die\nVerwendung von Sicherheitselementen beim Surfen oder das\nTeilen von Inhalten \u00fcber soziale Netzwerke.<\/p>\n<p>* Personalisierungs-Cookies: Diese Cookies erm\u00f6glichen es dem\nNutzer, mit einigen vordefinierten allgemeinen Merkmalen auf den\nDienst zuzugreifen, die von einer Reihe von Kriterien auf dem\nEndger\u00e4t des Nutzers abh\u00e4ngen, wie z. B. der Sprache, der Art\ndes Browsers, der f\u00fcr den Zugriff auf den Dienst verwendet wird,\nder regionalen Konfiguration, von der aus auf den Dienst\nzugegriffen wird, usw.<\/p>\n<p>* Analyse-Cookies: Diese Cookies erm\u00f6glichen es dem\nVerantwortlichen, das Verhalten der Nutzer der Webseiten, mit\ndenen sie verkn\u00fcpft sind, zu \u00fcberwachen und zu analysieren. Die\ndurch diese Art von Cookies gesammelten Informationen werden\nverwendet, um die Aktivit\u00e4t der Webseiten, Anwendungen oder\nPlattformen zu messen und um Browsing-Profile der Nutzer\ndieser Webseiten, Anwendungen und Plattformen zu erstellen,\num Verbesserungen auf der Grundlage der Analyse der Daten\n\u00fcber die Nutzung durch die Nutzer des Dienstes einzuf\u00fchren.<\/p>\n<p>* Werbe-Cookies: Diese erm\u00f6glichen eine m\u00f6glichst effiziente\nVerwaltung der Werbefl\u00e4chen, die der Herausgeber\ngegebenenfalls auf einer Webseite, Anwendung oder Plattform,\nvon der aus der angeforderte Dienst erbracht wird, eingef\u00fcgt hat,\nanhand von Kriterien wie dem bearbeiteten Inhalt oder der\nH\u00e4ufigkeit, mit der die Werbung angezeigt wird.<\/p>\n<p>* Cookies f\u00fcr verhaltensbasierte Werbung: Diese Cookies\nerm\u00f6glichen eine m\u00f6glichst effiziente Verwaltung der\nWerbefl\u00e4chen, die der Herausgeber gegebenenfalls auf einer\nWebseite, einer Anwendung oder einer Plattform, von der aus der\n\nangeforderte Dienst bereitgestellt wird, eingef\u00fcgt hat. Diese\nCookies speichern Informationen \u00fcber das Verhalten der Nutzer,\ndie durch st\u00e4ndige Beobachtung ihrer Surfgewohnheiten\ngewonnen werden und die es erm\u00f6glichen, ein spezifisches Profil\nzu erstellen, um darauf basierend Werbung anzuzeigen.<\/p>\n<p><strong>3. VERWENDETE COOKIES<\/strong><\/p>\n<p class=\"translation-block\">In der folgenden Tabelle sind alle auf dieser Webseite\nverwendeten Cookies aufgef\u00fchrt, mit Angabe ihres spezifischen\nZwecks und der Angabe, ob die von den Cookies erhaltenen\nInformationen vom Herausgeber und\/oder auch von Dritten\nverarbeitet werden, mit denen der Herausgeber einen Vertrag zur\nErbringung einer Dienstleistung abgeschlossen hat, f\u00fcr die er die\nVerwendung von Cookies ben\u00f6tigt, wobei letztere zu identifizieren\nsind.\nDiese Webseite verwendet nur Session-Cookies.<\/p>\n<p><strong>4. DEAKTIVIERUNG ODER BESEITIGUNG VON COOKIES<\/strong><\/p>\n<p class=\"translation-block\">Sie k\u00f6nnen die auf Ihrem Computer installierten Cookies\nzulassen, blockieren oder l\u00f6schen, indem Sie die Optionen des\nauf Ihrem Computer installierten Browsers konfigurieren.\nDer Browser kann so konfiguriert werden, dass er auf dem\nBildschirm warnt, wenn er neue Cookies erh\u00e4lt, und dass er deren\nInstallation verhindert.\nDer Nutzer kann die bei der Installation der Cookies erteilte\nZustimmung widerrufen und die Cookies l\u00f6schen.\nWenn Cookies gel\u00f6scht werden, kann es sein, dass einige\nWebseiten bestimmte Dienste oder Funktionen ganz oder\nteilweise einschr\u00e4nken.\nJeder Browser kann so konfiguriert werden, dass er alle Cookies\nakzeptiert oder ablehnt, oder dass er diejenigen ausw\u00e4hlt, deren\n\nInstallation erlaubt ist, und diejenigen, deren Installation nicht\nerlaubt ist.\nDie Links zu den Seiten mit Informationen auf Spanisch \u00fcber die\nKonfiguration der wichtigsten Browser lauten wie folgt:<\/p>\n<p>* Microsoft Explorer: http:\/\/windows.microsoft.com\/es-es\/internet-explorer\/ie-security-privacy-settings#ie=ie-11<\/p>\n<p>* Mozilla Firefox: http:\/\/support.mozilla.org\/es\/kb\/cookies-informacion-que-los-sitios-web-guardan-en-?redirectlocale=en-US&amp;redirectslug=Cookies<\/p>\n<p>* Google Chrome: https:\/\/support.google.com\/chrome\/answer\/95647?hl=es<\/p>\n<p>* Safari: http:\/\/support.apple.com\/kb\/HT1677?viewlocale=es_ES&amp;locale=es_ES<\/p>\n<p>Das &quot;Google Analytics Opt-out Browser Add-on&quot;, dessen\nAnweisungen verwendet werden k\u00f6nnen, um die analytischen\nCookies dieses Dienstes in allen Browsern abzulehnen, kann\n\u00fcber den Link https:\/\/tools.google.com\/dlpage\/gaoptout bezogen\nwerden.<\/p>\n<p>Die Datenschutzbestimmungen von Google k\u00f6nnen auf der\nfolgenden Seite eingesehen werden:\nhttp:\/\/www.google.es\/intl\/es\/policies\/privacy<\/p>\n<p>Auf der folgenden Seite k\u00f6nnen Sie sich \u00fcber die Verwendung\nvon Cookies durch Google informieren:\nhttp:\/\/www.google.com\/intl\/es\/policies\/technologies\/cookies\/<\/p>\n<p>Auf der folgenden Seite k\u00f6nnen Sie herausfinden, welche Arten\nvon Cookies Google verwendet:\nhttp:\/\/www.google.com\/intl\/es\/policies\/technologies\/types\/<\/p>\n\t<\/div>\n<\/div>\n\n\n\n\n\t\t<\/div> \n\t<\/div>\n\t<\/div> \n<\/div><\/div>\n\t\t\t<\/div> \n\t\t<\/div>\n\t<\/div> \n<\/div><\/div>","protected":false},"excerpt":{"rendered":"Pol\u00edtica de cookies Nombre del dominio: www.wortlabor.es Denominaci\u00f3n Social: Cathrin Hein-Becker Nombre Comercial: Cathrin Hein-Becker Domicilio Social: Callej\u00f3n Cedaceros, 1, 2\u00b0 izquierda - 41004 Sevilla NIF: Y3101800B Tel\u00e9fono: 687 284...","protected":false},"author":2,"featured_media":0,"parent":0,"menu_order":0,"comment_status":"closed","ping_status":"closed","template":"","meta":{"footnotes":""},"class_list":["post-360","page","type-page","status-publish"],"yoast_head":"<!-- This site is optimized with the Yoast SEO plugin v27.6 - https:\/\/yoast.com\/product\/yoast-seo-wordpress\/ -->\n<title>Pol\u00edtica de cookies - Traductor de idiomas Alem\u00e1n e ingl\u00e9s - Wortlabor<\/title>\n<meta name=\"robots\" content=\"index, follow, max-snippet:-1, max-image-preview:large, max-video-preview:-1\" \/>\n<link rel=\"canonical\" href=\"https:\/\/wortlabor.es\/de\/politica-de-cookies\/\" \/>\n<meta property=\"og:locale\" content=\"de_DE\" \/>\n<meta property=\"og:type\" content=\"article\" \/>\n<meta property=\"og:title\" content=\"Pol\u00edtica de cookies - Traductor de idiomas Alem\u00e1n e ingl\u00e9s - Wortlabor\" \/>\n<meta property=\"og:url\" content=\"https:\/\/wortlabor.es\/de\/politica-de-cookies\/\" \/>\n<meta property=\"og:site_name\" content=\"Traductor de idiomas Alem\u00e1n e ingl\u00e9s - Wortlabor\" \/>\n<meta property=\"article:publisher\" content=\"https:\/\/www.facebook.com\/Cathrin.traductora\/\" \/>\n<meta property=\"article:modified_time\" content=\"2023-02-13T08:27:12+00:00\" \/>\n<meta name=\"twitter:card\" content=\"summary_large_image\" \/>\n<meta name=\"twitter:label1\" content=\"Gesch\u00e4tzte Lesezeit\" \/>\n\t<meta name=\"twitter:data1\" content=\"9\u00a0Minuten\" \/>\n<script type=\"application\/ld+json\" class=\"yoast-schema-graph\">{\"@context\":\"https:\\\/\\\/schema.org\",\"@graph\":[{\"@type\":\"WebPage\",\"@id\":\"https:\\\/\\\/wortlabor.es\\\/politica-de-cookies\\\/\",\"url\":\"https:\\\/\\\/wortlabor.es\\\/politica-de-cookies\\\/\",\"name\":\"Pol\u00edtica de cookies - Traductor de idiomas Alem\u00e1n e ingl\u00e9s - Wortlabor\",\"isPartOf\":{\"@id\":\"https:\\\/\\\/wortlabor.es\\\/#website\"},\"datePublished\":\"2023-02-13T08:25:59+00:00\",\"dateModified\":\"2023-02-13T08:27:12+00:00\",\"breadcrumb\":{\"@id\":\"https:\\\/\\\/wortlabor.es\\\/politica-de-cookies\\\/#breadcrumb\"},\"inLanguage\":\"de\",\"potentialAction\":[{\"@type\":\"ReadAction\",\"target\":[\"https:\\\/\\\/wortlabor.es\\\/politica-de-cookies\\\/\"]}]},{\"@type\":\"BreadcrumbList\",\"@id\":\"https:\\\/\\\/wortlabor.es\\\/politica-de-cookies\\\/#breadcrumb\",\"itemListElement\":[{\"@type\":\"ListItem\",\"position\":1,\"name\":\"Portada\",\"item\":\"https:\\\/\\\/wortlabor.es\\\/\"},{\"@type\":\"ListItem\",\"position\":2,\"name\":\"Pol\u00edtica de cookies\"}]},{\"@type\":\"WebSite\",\"@id\":\"https:\\\/\\\/wortlabor.es\\\/#website\",\"url\":\"https:\\\/\\\/wortlabor.es\\\/\",\"name\":\"Traductor de idiomas Alem\u00e1n e ingl\u00e9s - Wortlabor\",\"description\":\"Somos proveedores de servicios ling\u00fc\u00edsticos y traducciones profesionales en alem\u00e1n en Sevilla y toda Espa\u00f1a.\",\"publisher\":{\"@id\":\"https:\\\/\\\/wortlabor.es\\\/#\\\/schema\\\/person\\\/1a337f4587fc2f26e72f159c98dec5ae\"},\"potentialAction\":[{\"@type\":\"SearchAction\",\"target\":{\"@type\":\"EntryPoint\",\"urlTemplate\":\"https:\\\/\\\/wortlabor.es\\\/?s={search_term_string}\"},\"query-input\":{\"@type\":\"PropertyValueSpecification\",\"valueRequired\":true,\"valueName\":\"search_term_string\"}}],\"inLanguage\":\"de\"},{\"@type\":[\"Person\",\"Organization\"],\"@id\":\"https:\\\/\\\/wortlabor.es\\\/#\\\/schema\\\/person\\\/1a337f4587fc2f26e72f159c98dec5ae\",\"name\":\"cathrin\",\"image\":{\"@type\":\"ImageObject\",\"inLanguage\":\"de\",\"@id\":\"https:\\\/\\\/wortlabor.es\\\/wp-content\\\/uploads\\\/2023\\\/02\\\/Wortlabor_Logo_solo.png\",\"url\":\"https:\\\/\\\/wortlabor.es\\\/wp-content\\\/uploads\\\/2023\\\/02\\\/Wortlabor_Logo_solo.png\",\"contentUrl\":\"https:\\\/\\\/wortlabor.es\\\/wp-content\\\/uploads\\\/2023\\\/02\\\/Wortlabor_Logo_solo.png\",\"width\":330,\"height\":352,\"caption\":\"cathrin\"},\"logo\":{\"@id\":\"https:\\\/\\\/wortlabor.es\\\/wp-content\\\/uploads\\\/2023\\\/02\\\/Wortlabor_Logo_solo.png\"},\"sameAs\":[\"https:\\\/\\\/www.facebook.com\\\/Cathrin.traductora\\\/\",\"https:\\\/\\\/www.instagram.com\\\/ceremoniabilingue\\\/\",\"https:\\\/\\\/www.linkedin.com\\\/in\\\/cathrin-becker-10902969\\\/\"]}]}<\/script>\n<!-- \/ Yoast SEO plugin. -->","yoast_head_json":{"title":"Pol\u00edtica de cookies - Traductor de idiomas Alem\u00e1n e ingl\u00e9s - Wortlabor","robots":{"index":"index","follow":"follow","max-snippet":"max-snippet:-1","max-image-preview":"max-image-preview:large","max-video-preview":"max-video-preview:-1"},"canonical":"https:\/\/wortlabor.es\/de\/politica-de-cookies\/","og_locale":"de_DE","og_type":"article","og_title":"Pol\u00edtica de cookies - Traductor de idiomas Alem\u00e1n e ingl\u00e9s - Wortlabor","og_url":"https:\/\/wortlabor.es\/de\/politica-de-cookies\/","og_site_name":"Traductor de idiomas Alem\u00e1n e ingl\u00e9s - Wortlabor","article_publisher":"https:\/\/www.facebook.com\/Cathrin.traductora\/","article_modified_time":"2023-02-13T08:27:12+00:00","twitter_card":"summary_large_image","twitter_misc":{"Gesch\u00e4tzte Lesezeit":"9\u00a0Minuten"},"schema":{"@context":"https:\/\/schema.org","@graph":[{"@type":"WebPage","@id":"https:\/\/wortlabor.es\/politica-de-cookies\/","url":"https:\/\/wortlabor.es\/politica-de-cookies\/","name":"Pol\u00edtica de cookies - Traductor de idiomas Alem\u00e1n e ingl\u00e9s - Wortlabor","isPartOf":{"@id":"https:\/\/wortlabor.es\/#website"},"datePublished":"2023-02-13T08:25:59+00:00","dateModified":"2023-02-13T08:27:12+00:00","breadcrumb":{"@id":"https:\/\/wortlabor.es\/politica-de-cookies\/#breadcrumb"},"inLanguage":"de","potentialAction":[{"@type":"ReadAction","target":["https:\/\/wortlabor.es\/politica-de-cookies\/"]}]},{"@type":"BreadcrumbList","@id":"https:\/\/wortlabor.es\/politica-de-cookies\/#breadcrumb","itemListElement":[{"@type":"ListItem","position":1,"name":"Portada","item":"https:\/\/wortlabor.es\/"},{"@type":"ListItem","position":2,"name":"Pol\u00edtica de cookies"}]},{"@type":"WebSite","@id":"https:\/\/wortlabor.es\/#website","url":"https:\/\/wortlabor.es\/","name":"Traductor de idiomas Alem\u00e1n e ingl\u00e9s - Wortlabor","description":"Somos proveedores de servicios ling\u00fc\u00edsticos y traducciones profesionales en alem\u00e1n en Sevilla y toda Espa\u00f1a.","publisher":{"@id":"https:\/\/wortlabor.es\/#\/schema\/person\/1a337f4587fc2f26e72f159c98dec5ae"},"potentialAction":[{"@type":"SearchAction","target":{"@type":"EntryPoint","urlTemplate":"https:\/\/wortlabor.es\/?s={search_term_string}"},"query-input":{"@type":"PropertyValueSpecification","valueRequired":true,"valueName":"search_term_string"}}],"inLanguage":"de"},{"@type":["Person","Organization"],"@id":"https:\/\/wortlabor.es\/#\/schema\/person\/1a337f4587fc2f26e72f159c98dec5ae","name":"cathrin","image":{"@type":"ImageObject","inLanguage":"de","@id":"https:\/\/wortlabor.es\/wp-content\/uploads\/2023\/02\/Wortlabor_Logo_solo.png","url":"https:\/\/wortlabor.es\/wp-content\/uploads\/2023\/02\/Wortlabor_Logo_solo.png","contentUrl":"https:\/\/wortlabor.es\/wp-content\/uploads\/2023\/02\/Wortlabor_Logo_solo.png","width":330,"height":352,"caption":"cathrin"},"logo":{"@id":"https:\/\/wortlabor.es\/wp-content\/uploads\/2023\/02\/Wortlabor_Logo_solo.png"},"sameAs":["https:\/\/www.facebook.com\/Cathrin.traductora\/","https:\/\/www.instagram.com\/ceremoniabilingue\/","https:\/\/www.linkedin.com\/in\/cathrin-becker-10902969\/"]}]}},"_links":{"self":[{"href":"https:\/\/wortlabor.es\/de\/wp-json\/wp\/v2\/pages\/360","targetHints":{"allow":["GET"]}}],"collection":[{"href":"https:\/\/wortlabor.es\/de\/wp-json\/wp\/v2\/pages"}],"about":[{"href":"https:\/\/wortlabor.es\/de\/wp-json\/wp\/v2\/types\/page"}],"author":[{"embeddable":true,"href":"https:\/\/wortlabor.es\/de\/wp-json\/wp\/v2\/users\/2"}],"replies":[{"embeddable":true,"href":"https:\/\/wortlabor.es\/de\/wp-json\/wp\/v2\/comments?post=360"}],"version-history":[{"count":3,"href":"https:\/\/wortlabor.es\/de\/wp-json\/wp\/v2\/pages\/360\/revisions"}],"predecessor-version":[{"id":363,"href":"https:\/\/wortlabor.es\/de\/wp-json\/wp\/v2\/pages\/360\/revisions\/363"}],"wp:attachment":[{"href":"https:\/\/wortlabor.es\/de\/wp-json\/wp\/v2\/media?parent=360"}],"curies":[{"name":"wp","href":"https:\/\/api.w.org\/{rel}","templated":true}]}}